{"id":30,"date":"2022-05-13T12:59:07","date_gmt":"2022-05-13T15:59:07","guid":{"rendered":"https:\/\/www.eulide.com.br\/?page_id=30"},"modified":"2022-06-21T17:40:42","modified_gmt":"2022-06-21T20:40:42","slug":"sobre","status":"publish","type":"page","link":"https:\/\/www.eulide.com.br\/?page_id=30","title":{"rendered":"Sobre"},"content":{"rendered":"\t\t<div data-elementor-type=\"wp-page\" data-elementor-id=\"30\" class=\"elementor elementor-30\">\n\t\t\t\t\t\t\t\t\t<section class=\"elementor-section elementor-top-section elementor-element elementor-element-0f0ffe9 elementor-section-height-min-height elementor-section-boxed elementor-section-height-default elementor-section-items-middle\" data-id=\"0f0ffe9\" data-element_type=\"section\" data-settings=\"{&quot;background_background&quot;:&quot;classic&quot;}\">\n\t\t\t\t\t\t\t<div class=\"elementor-background-overlay\"><\/div>\n\t\t\t\t\t\t\t<div class=\"elementor-container elementor-column-gap-default\">\n\t\t\t\t\t<div class=\"elementor-column elementor-col-100 elementor-top-column elementor-element elementor-element-5768a38\" data-id=\"5768a38\" data-element_type=\"column\">\n\t\t\t<div class=\"elementor-widget-wrap\">\n\t\t\t\t\t\t\t\t\t<\/div>\n\t\t<\/div>\n\t\t\t\t\t\t\t<\/div>\n\t\t<\/section>\n\t\t\t\t<section class=\"elementor-section elementor-top-section elementor-element elementor-element-20954fd elementor-section-boxed elementor-section-height-default elementor-section-height-default\" data-id=\"20954fd\" data-element_type=\"section\">\n\t\t\t\t\t\t<div class=\"elementor-container elementor-column-gap-default\">\n\t\t\t\t\t<div class=\"elementor-column elementor-col-100 elementor-top-column elementor-element elementor-element-3cc5f40\" data-id=\"3cc5f40\" data-element_type=\"column\">\n\t\t\t<div class=\"elementor-widget-wrap elementor-element-populated\">\n\t\t\t\t\t\t\t\t<div class=\"elementor-element elementor-element-9dcf029 elementor-widget elementor-widget-heading\" data-id=\"9dcf029\" data-element_type=\"widget\" data-widget_type=\"heading.default\">\n\t\t\t\t<div class=\"elementor-widget-container\">\n\t\t\t<style>\/*! elementor - v3.6.4 - 13-04-2022 *\/\n.elementor-heading-title{padding:0;margin:0;line-height:1}.elementor-widget-heading .elementor-heading-title[class*=elementor-size-]>a{color:inherit;font-size:inherit;line-height:inherit}.elementor-widget-heading .elementor-heading-title.elementor-size-small{font-size:15px}.elementor-widget-heading .elementor-heading-title.elementor-size-medium{font-size:19px}.elementor-widget-heading .elementor-heading-title.elementor-size-large{font-size:29px}.elementor-widget-heading .elementor-heading-title.elementor-size-xl{font-size:39px}.elementor-widget-heading .elementor-heading-title.elementor-size-xxl{font-size:59px}<\/style><h2 class=\"elementor-heading-title elementor-size-default\">Reinventando o mercado<\/h2>\t\t<\/div>\n\t\t\t\t<\/div>\n\t\t\t\t<div class=\"elementor-element elementor-element-ec7cdd8 elementor-widget elementor-widget-text-editor\" data-id=\"ec7cdd8\" data-element_type=\"widget\" data-widget_type=\"text-editor.default\">\n\t\t\t\t<div class=\"elementor-widget-container\">\n\t\t\t<style>\/*! elementor - v3.6.4 - 13-04-2022 *\/\n.elementor-widget-text-editor.elementor-drop-cap-view-stacked .elementor-drop-cap{background-color:#818a91;color:#fff}.elementor-widget-text-editor.elementor-drop-cap-view-framed .elementor-drop-cap{color:#818a91;border:3px solid;background-color:transparent}.elementor-widget-text-editor:not(.elementor-drop-cap-view-default) .elementor-drop-cap{margin-top:8px}.elementor-widget-text-editor:not(.elementor-drop-cap-view-default) .elementor-drop-cap-letter{width:1em;height:1em}.elementor-widget-text-editor .elementor-drop-cap{float:left;text-align:center;line-height:1;font-size:50px}.elementor-widget-text-editor .elementor-drop-cap-letter{display:inline-block}<\/style>\t\t\t\t<p>A Madeiras Eulide Ltda \u00e9 fabricante de compensados decorativos de madeira para a ind\u00fastria moveleira. Fundada em 1984 em Curitiba no estado do Paran\u00e1, a empresa sempre atuou no ramo madeireiro e em 1990 com a constru\u00e7\u00e3o de sua f\u00e1brica em S\u00e3o Jos\u00e9 dos Pinhais, regi\u00e3o metropolitana de Curitiba, especializou-se na produ\u00e7\u00e3o de pain\u00e9is decorativos de madeira de alta qualidade e desde ent\u00e3o trabalha visando aprimorar sua qualidade, agilidade e precis\u00e3o em todos os seus produtos tornando-se refer\u00eancia no mercado e consolidando a marca.<\/p><p>No ano de 1996 passou a produzir suas pr\u00f3prias l\u00e2minas faqueadas procurando elevar a qualidade e garantia de suprimento dos seus produtos com a instala\u00e7\u00e3o da sua primeira faqueadeira vertical sendo que em 1998 instalou uma segunda faqueadeira e com isso n\u00e3o dependeu mais de fornecedores para abastecer a sua produ\u00e7\u00e3o.<\/p><p>O \u00faltimo grande investimento foi na produ\u00e7\u00e3o de pisos estruturados de madeira, tendo adquirido linhas de acabamento e usinagem de avan\u00e7ada tecnologia visando aumentar seu mix de produtos chegando ao produto final para o consumidor.<\/p><p>Com um mix de produtos bastante variado e uma linha de produ\u00e7\u00e3o flex\u00edvel \u00e0s mudan\u00e7as de mercado a Eulide estabelece-se como marca forte e tradicional, sin\u00f4nimo de excel\u00eancia em tudo o que faz.<\/p>\t\t\t\t\t\t<\/div>\n\t\t\t\t<\/div>\n\t\t\t\t\t<\/div>\n\t\t<\/div>\n\t\t\t\t\t\t\t<\/div>\n\t\t<\/section>\n\t\t\t\t<section class=\"elementor-section elementor-top-section elementor-element elementor-element-3a5b3dc elementor-section-boxed elementor-section-height-default elementor-section-height-default\" data-id=\"3a5b3dc\" data-element_type=\"section\" data-settings=\"{&quot;background_background&quot;:&quot;classic&quot;}\">\n\t\t\t\t\t\t<div class=\"elementor-container elementor-column-gap-default\">\n\t\t\t\t\t<div class=\"elementor-column elementor-col-100 elementor-top-column elementor-element elementor-element-8382f0d\" data-id=\"8382f0d\" data-element_type=\"column\">\n\t\t\t<div class=\"elementor-widget-wrap elementor-element-populated\">\n\t\t\t\t\t\t\t\t<div class=\"elementor-element elementor-element-7805cd5 elementor-widget elementor-widget-image\" data-id=\"7805cd5\" data-element_type=\"widget\" data-widget_type=\"image.default\">\n\t\t\t\t<div class=\"elementor-widget-container\">\n\t\t\t<style>\/*! elementor - v3.6.4 - 13-04-2022 *\/\n.elementor-widget-image{text-align:center}.elementor-widget-image a{display:inline-block}.elementor-widget-image a img[src$=\".svg\"]{width:48px}.elementor-widget-image img{vertical-align:middle;display:inline-block}<\/style>\t\t\t\t\t\t\t\t\t\t\t\t<img width=\"800\" height=\"525\" src=\"https:\/\/www.eulide.com.br\/wp-content\/uploads\/2022\/05\/annie-spratt-hCb3lIB8L8E-unsplash-1024x672.jpg\" class=\"attachment-large size-large\" alt=\"\" loading=\"lazy\" srcset=\"https:\/\/www.eulide.com.br\/wp-content\/uploads\/2022\/05\/annie-spratt-hCb3lIB8L8E-unsplash-1024x672.jpg 1024w, https:\/\/www.eulide.com.br\/wp-content\/uploads\/2022\/05\/annie-spratt-hCb3lIB8L8E-unsplash-300x197.jpg 300w, https:\/\/www.eulide.com.br\/wp-content\/uploads\/2022\/05\/annie-spratt-hCb3lIB8L8E-unsplash-768x504.jpg 768w, https:\/\/www.eulide.com.br\/wp-content\/uploads\/2022\/05\/annie-spratt-hCb3lIB8L8E-unsplash-1536x1008.jpg 1536w, https:\/\/www.eulide.com.br\/wp-content\/uploads\/2022\/05\/annie-spratt-hCb3lIB8L8E-unsplash-2048x1344.jpg 2048w\" sizes=\"(max-width: 800px) 100vw, 800px\" \/>\t\t\t\t\t\t\t\t\t\t\t\t\t\t\t<\/div>\n\t\t\t\t<\/div>\n\t\t\t\t<div class=\"elementor-element elementor-element-c6e676b elementor-widget elementor-widget-heading\" data-id=\"c6e676b\" data-element_type=\"widget\" data-widget_type=\"heading.default\">\n\t\t\t\t<div class=\"elementor-widget-container\">\n\t\t\t<h2 class=\"elementor-heading-title elementor-size-default\">Somos diferentes.<\/h2>\t\t<\/div>\n\t\t\t\t<\/div>\n\t\t\t\t<div class=\"elementor-element elementor-element-aa10973 elementor-widget elementor-widget-text-editor\" data-id=\"aa10973\" data-element_type=\"widget\" data-widget_type=\"text-editor.default\">\n\t\t\t\t<div class=\"elementor-widget-container\">\n\t\t\t\t\t\t\t<p>A Madeiras Eulide trabalha atrav\u00e9s de representantes locais que tem acesso direto \u00e0 f\u00e1brica buscando solu\u00e7\u00f5es para nossos clientes e orgulha-se de possuir distribuidores em todas as regi\u00f5es do pa\u00eds, sendo este o principal canal de distribui\u00e7\u00e3o dos seus produtos.<\/p>\t\t\t\t\t\t<\/div>\n\t\t\t\t<\/div>\n\t\t\t\t\t<\/div>\n\t\t<\/div>\n\t\t\t\t\t\t\t<\/div>\n\t\t<\/section>\n\t\t\t\t<section class=\"elementor-section elementor-top-section elementor-element elementor-element-0d16d1d elementor-section-boxed elementor-section-height-default elementor-section-height-default\" data-id=\"0d16d1d\" data-element_type=\"section\" data-settings=\"{&quot;background_background&quot;:&quot;classic&quot;}\">\n\t\t\t\t\t\t<div class=\"elementor-container elementor-column-gap-default\">\n\t\t\t\t\t<div class=\"elementor-column elementor-col-100 elementor-top-column elementor-element elementor-element-cbd81e2\" data-id=\"cbd81e2\" data-element_type=\"column\">\n\t\t\t<div class=\"elementor-widget-wrap elementor-element-populated\">\n\t\t\t\t\t\t\t\t<section class=\"elementor-section elementor-inner-section elementor-element elementor-element-95bbb0a elementor-section-boxed elementor-section-height-default elementor-section-height-default\" data-id=\"95bbb0a\" data-element_type=\"section\">\n\t\t\t\t\t\t<div class=\"elementor-container elementor-column-gap-default\">\n\t\t\t\t\t<div class=\"elementor-column elementor-col-50 elementor-inner-column elementor-element elementor-element-6e21366\" data-id=\"6e21366\" data-element_type=\"column\">\n\t\t\t<div class=\"elementor-widget-wrap elementor-element-populated\">\n\t\t\t\t\t\t\t\t<div class=\"elementor-element elementor-element-ff7d320 elementor-widget elementor-widget-image\" data-id=\"ff7d320\" data-element_type=\"widget\" data-widget_type=\"image.default\">\n\t\t\t\t<div class=\"elementor-widget-container\">\n\t\t\t\t\t\t\t\t\t\t\t\t\t\t\t<img width=\"683\" height=\"1024\" src=\"https:\/\/www.eulide.com.br\/wp-content\/uploads\/2022\/05\/annie-spratt-MChSQHxGZrQ-unsplash-683x1024.jpg\" class=\"attachment-large size-large\" alt=\"\" loading=\"lazy\" srcset=\"https:\/\/www.eulide.com.br\/wp-content\/uploads\/2022\/05\/annie-spratt-MChSQHxGZrQ-unsplash-683x1024.jpg 683w, https:\/\/www.eulide.com.br\/wp-content\/uploads\/2022\/05\/annie-spratt-MChSQHxGZrQ-unsplash-200x300.jpg 200w, https:\/\/www.eulide.com.br\/wp-content\/uploads\/2022\/05\/annie-spratt-MChSQHxGZrQ-unsplash-768x1151.jpg 768w, https:\/\/www.eulide.com.br\/wp-content\/uploads\/2022\/05\/annie-spratt-MChSQHxGZrQ-unsplash-1025x1536.jpg 1025w, https:\/\/www.eulide.com.br\/wp-content\/uploads\/2022\/05\/annie-spratt-MChSQHxGZrQ-unsplash-1366x2048.jpg 1366w, https:\/\/www.eulide.com.br\/wp-content\/uploads\/2022\/05\/annie-spratt-MChSQHxGZrQ-unsplash-scaled.jpg 1708w\" sizes=\"(max-width: 683px) 100vw, 683px\" \/>\t\t\t\t\t\t\t\t\t\t\t\t\t\t\t<\/div>\n\t\t\t\t<\/div>\n\t\t\t\t\t<\/div>\n\t\t<\/div>\n\t\t\t\t<div class=\"elementor-column elementor-col-50 elementor-inner-column elementor-element elementor-element-ac6f6a7\" data-id=\"ac6f6a7\" data-element_type=\"column\">\n\t\t\t<div class=\"elementor-widget-wrap elementor-element-populated\">\n\t\t\t\t\t\t\t\t<div class=\"elementor-element elementor-element-e0ec876 elementor-widget elementor-widget-heading\" data-id=\"e0ec876\" data-element_type=\"widget\" data-widget_type=\"heading.default\">\n\t\t\t\t<div class=\"elementor-widget-container\">\n\t\t\t<h2 class=\"elementor-heading-title elementor-size-default\">Nossos valores.<\/h2>\t\t<\/div>\n\t\t\t\t<\/div>\n\t\t\t\t<div class=\"elementor-element elementor-element-f4be3f4 elementor-align-left elementor-icon-list--layout-traditional elementor-list-item-link-full_width elementor-widget elementor-widget-icon-list\" data-id=\"f4be3f4\" data-element_type=\"widget\" data-widget_type=\"icon-list.default\">\n\t\t\t\t<div class=\"elementor-widget-container\">\n\t\t\t<link rel=\"stylesheet\" href=\"https:\/\/www.eulide.com.br\/wp-content\/plugins\/elementor\/assets\/css\/widget-icon-list.min.css\">\t\t<ul class=\"elementor-icon-list-items\">\n\t\t\t\t\t\t\t<li class=\"elementor-icon-list-item\">\n\t\t\t\t\t\t\t\t\t\t\t<span class=\"elementor-icon-list-icon\">\n\t\t\t\t\t\t\t<i aria-hidden=\"true\" class=\"fas fa-circle-notch\"><\/i>\t\t\t\t\t\t<\/span>\n\t\t\t\t\t\t\t\t\t\t<span class=\"elementor-icon-list-text\">\u00c9tica e transpar\u00eancia nas rela\u00e7\u00f5es;<\/span>\n\t\t\t\t\t\t\t\t\t<\/li>\n\t\t\t\t\t\t\t\t<li class=\"elementor-icon-list-item\">\n\t\t\t\t\t\t\t\t\t\t\t<span class=\"elementor-icon-list-icon\">\n\t\t\t\t\t\t\t<i aria-hidden=\"true\" class=\"fas fa-circle-notch\"><\/i>\t\t\t\t\t\t<\/span>\n\t\t\t\t\t\t\t\t\t\t<span class=\"elementor-icon-list-text\">Qualidade e melhoria cont\u00ednua;<\/span>\n\t\t\t\t\t\t\t\t\t<\/li>\n\t\t\t\t\t\t\t\t<li class=\"elementor-icon-list-item\">\n\t\t\t\t\t\t\t\t\t\t\t<span class=\"elementor-icon-list-icon\">\n\t\t\t\t\t\t\t<i aria-hidden=\"true\" class=\"fas fa-circle-notch\"><\/i>\t\t\t\t\t\t<\/span>\n\t\t\t\t\t\t\t\t\t\t<span class=\"elementor-icon-list-text\">Inova\u00e7\u00e3o antecipando solu\u00e7\u00f5es;<\/span>\n\t\t\t\t\t\t\t\t\t<\/li>\n\t\t\t\t\t\t\t\t<li class=\"elementor-icon-list-item\">\n\t\t\t\t\t\t\t\t\t\t\t<span class=\"elementor-icon-list-icon\">\n\t\t\t\t\t\t\t<i aria-hidden=\"true\" class=\"fas fa-circle-notch\"><\/i>\t\t\t\t\t\t<\/span>\n\t\t\t\t\t\t\t\t\t\t<span class=\"elementor-icon-list-text\">Valoriza\u00e7\u00e3o do ser humano e do trabalho;<\/span>\n\t\t\t\t\t\t\t\t\t<\/li>\n\t\t\t\t\t\t\t\t<li class=\"elementor-icon-list-item\">\n\t\t\t\t\t\t\t\t\t\t\t<span class=\"elementor-icon-list-icon\">\n\t\t\t\t\t\t\t<i aria-hidden=\"true\" class=\"fas fa-circle-notch\"><\/i>\t\t\t\t\t\t<\/span>\n\t\t\t\t\t\t\t\t\t\t<span class=\"elementor-icon-list-text\">Seguran\u00e7a em todas as etapas do processo;<\/span>\n\t\t\t\t\t\t\t\t\t<\/li>\n\t\t\t\t\t\t\t\t<li class=\"elementor-icon-list-item\">\n\t\t\t\t\t\t\t\t\t\t\t<span class=\"elementor-icon-list-icon\">\n\t\t\t\t\t\t\t<i aria-hidden=\"true\" class=\"fas fa-circle-notch\"><\/i>\t\t\t\t\t\t<\/span>\n\t\t\t\t\t\t\t\t\t\t<span class=\"elementor-icon-list-text\">Sustentabilidade e respeito ao meio ambiente.<\/span>\n\t\t\t\t\t\t\t\t\t<\/li>\n\t\t\t\t\t\t<\/ul>\n\t\t\t\t<\/div>\n\t\t\t\t<\/div>\n\t\t\t\t\t<\/div>\n\t\t<\/div>\n\t\t\t\t\t\t\t<\/div>\n\t\t<\/section>\n\t\t\t\t\t<\/div>\n\t\t<\/div>\n\t\t\t\t\t\t\t<\/div>\n\t\t<\/section>\n\t\t\t\t\t\t\t<\/div>\n\t\t","protected":false},"excerpt":{"rendered":"<p>Reinventando o mercado A Madeiras Eulide Ltda \u00e9 fabricante de compensados decorativos de madeira para a ind\u00fastria moveleira. Fundada em 1984 em Curitiba no estado do Paran\u00e1, a empresa sempre atuou no ramo madeireiro e em 1990 com a constru\u00e7\u00e3o de sua f\u00e1brica em S\u00e3o Jos\u00e9 dos Pinhais, regi\u00e3o metropolitana de Curitiba, especializou-se na produ\u00e7\u00e3o [&hellip;]<\/p>\n","protected":false},"author":1,"featured_media":0,"parent":0,"menu_order":0,"comment_status":"closed","ping_status":"closed","template":"elementor_header_footer","meta":[],"_links":{"self":[{"href":"https:\/\/www.eulide.com.br\/index.php?rest_route=\/wp\/v2\/pages\/30"}],"collection":[{"href":"https:\/\/www.eulide.com.br\/index.php?rest_route=\/wp\/v2\/pages"}],"about":[{"href":"https:\/\/www.eulide.com.br\/index.php?rest_route=\/wp\/v2\/types\/page"}],"author":[{"embeddable":true,"href":"https:\/\/www.eulide.com.br\/index.php?rest_route=\/wp\/v2\/users\/1"}],"replies":[{"embeddable":true,"href":"https:\/\/www.eulide.com.br\/index.php?rest_route=%2Fwp%2Fv2%2Fcomments&post=30"}],"version-history":[{"count":37,"href":"https:\/\/www.eulide.com.br\/index.php?rest_route=\/wp\/v2\/pages\/30\/revisions"}],"predecessor-version":[{"id":729,"href":"https:\/\/www.eulide.com.br\/index.php?rest_route=\/wp\/v2\/pages\/30\/revisions\/729"}],"wp:attachment":[{"href":"https:\/\/www.eulide.com.br\/index.php?rest_route=%2Fwp%2Fv2%2Fmedia&parent=30"}],"curies":[{"name":"wp","href":"https:\/\/api.w.org\/{rel}","templated":true}]}}