{"id":35,"date":"2022-05-13T13:00:18","date_gmt":"2022-05-13T16:00:18","guid":{"rendered":"https:\/\/www.eulide.com.br\/?page_id=35"},"modified":"2022-05-23T10:38:54","modified_gmt":"2022-05-23T13:38:54","slug":"sustentabilidade","status":"publish","type":"page","link":"https:\/\/www.eulide.com.br\/?page_id=35","title":{"rendered":"Sustentabilidade"},"content":{"rendered":"\t\t<div data-elementor-type=\"wp-page\" data-elementor-id=\"35\" class=\"elementor elementor-35\">\n\t\t\t\t\t\t\t\t\t<section class=\"elementor-section elementor-top-section elementor-element elementor-element-b861ff5 elementor-section-height-min-height elementor-section-boxed elementor-section-height-default elementor-section-items-middle\" data-id=\"b861ff5\" data-element_type=\"section\" data-settings=\"{&quot;background_background&quot;:&quot;classic&quot;}\">\n\t\t\t\t\t\t\t<div class=\"elementor-background-overlay\"><\/div>\n\t\t\t\t\t\t\t<div class=\"elementor-container elementor-column-gap-default\">\n\t\t\t\t\t<div class=\"elementor-column elementor-col-100 elementor-top-column elementor-element elementor-element-bc0e197\" data-id=\"bc0e197\" data-element_type=\"column\">\n\t\t\t<div class=\"elementor-widget-wrap\">\n\t\t\t\t\t\t\t\t\t<\/div>\n\t\t<\/div>\n\t\t\t\t\t\t\t<\/div>\n\t\t<\/section>\n\t\t\t\t<section class=\"elementor-section elementor-top-section elementor-element elementor-element-ef70b41 elementor-section-boxed elementor-section-height-default elementor-section-height-default\" data-id=\"ef70b41\" data-element_type=\"section\">\n\t\t\t\t\t\t<div class=\"elementor-container elementor-column-gap-default\">\n\t\t\t\t\t<div class=\"elementor-column elementor-col-100 elementor-top-column elementor-element elementor-element-20353f2\" data-id=\"20353f2\" data-element_type=\"column\">\n\t\t\t<div class=\"elementor-widget-wrap elementor-element-populated\">\n\t\t\t\t\t\t\t\t<div class=\"elementor-element elementor-element-c46a201 elementor-widget elementor-widget-heading\" data-id=\"c46a201\" data-element_type=\"widget\" data-widget_type=\"heading.default\">\n\t\t\t\t<div class=\"elementor-widget-container\">\n\t\t\t<style>\/*! elementor - v3.6.4 - 13-04-2022 *\/\n.elementor-heading-title{padding:0;margin:0;line-height:1}.elementor-widget-heading .elementor-heading-title[class*=elementor-size-]>a{color:inherit;font-size:inherit;line-height:inherit}.elementor-widget-heading .elementor-heading-title.elementor-size-small{font-size:15px}.elementor-widget-heading .elementor-heading-title.elementor-size-medium{font-size:19px}.elementor-widget-heading .elementor-heading-title.elementor-size-large{font-size:29px}.elementor-widget-heading .elementor-heading-title.elementor-size-xl{font-size:39px}.elementor-widget-heading .elementor-heading-title.elementor-size-xxl{font-size:59px}<\/style><h2 class=\"elementor-heading-title elementor-size-default\">Pensamos no amanh\u00e3<\/h2>\t\t<\/div>\n\t\t\t\t<\/div>\n\t\t\t\t<div class=\"elementor-element elementor-element-faeadc3 elementor-widget elementor-widget-text-editor\" data-id=\"faeadc3\" data-element_type=\"widget\" data-widget_type=\"text-editor.default\">\n\t\t\t\t<div class=\"elementor-widget-container\">\n\t\t\t<style>\/*! elementor - v3.6.4 - 13-04-2022 *\/\n.elementor-widget-text-editor.elementor-drop-cap-view-stacked .elementor-drop-cap{background-color:#818a91;color:#fff}.elementor-widget-text-editor.elementor-drop-cap-view-framed .elementor-drop-cap{color:#818a91;border:3px solid;background-color:transparent}.elementor-widget-text-editor:not(.elementor-drop-cap-view-default) .elementor-drop-cap{margin-top:8px}.elementor-widget-text-editor:not(.elementor-drop-cap-view-default) .elementor-drop-cap-letter{width:1em;height:1em}.elementor-widget-text-editor .elementor-drop-cap{float:left;text-align:center;line-height:1;font-size:50px}.elementor-widget-text-editor .elementor-drop-cap-letter{display:inline-block}<\/style>\t\t\t\t<p>N\u00f3s da Madeiras Eulide entendemos a import\u00e2ncia do amanh\u00e3, estamos olhando nessa dire\u00e7\u00e3o h\u00e1 mais de 30 anos e duas gera\u00e7\u00f5es. \u00c9 por isso que trabalhamos com cuidado e dilig\u00eancia hoje para garantir um amanh\u00e3 bem sustentado.<\/p><p>Acreditamos na reutiliza\u00e7\u00e3o total dos res\u00edduos para gera\u00e7\u00e3o de energia t\u00e9rmica que alimenta o processo produtivo.<\/p><p>Priorizamos o tratamento e reutiliza\u00e7\u00e3o total as \u00e1guas utilizadas no processo produtivo e todas as madeiras utilizadas no processo produtivo da empresa s\u00e3o provenientes de fontes respons\u00e1veis de manejo e sustentabilidade florestal e social em suas comunidades.<\/p><p>As madeiras tropicais utilizadas s\u00e3o todas proveniente de PMFS (Projetos de Manejo Florestas Sustent\u00e1vel) e acompanhadas de toda documenta\u00e7\u00e3o florestal exigida, garantindo a rastreabilidade e origem\u00a0 autorizadas pelo IBAMA e todos \u00f3rg\u00e3os ambientais.<\/p><p>As madeiras utilizadas no enchimento dos compensados e sarrafeados produzidos s\u00e3o provenientes de reflorestamentos de Pinus e Eucalipto. Com essas iniciativas as madeiras provenientes de florestas tropicais s\u00e3o utilizadas somente para o revestimento nobre dos produtos representando menos de 5% de toda a mat\u00e9ria-prima utilizada pela ind\u00fastria.<\/p>\t\t\t\t\t\t<\/div>\n\t\t\t\t<\/div>\n\t\t\t\t\t<\/div>\n\t\t<\/div>\n\t\t\t\t\t\t\t<\/div>\n\t\t<\/section>\n\t\t\t\t\t\t\t<\/div>\n\t\t","protected":false},"excerpt":{"rendered":"<p>Pensamos no amanh\u00e3 N\u00f3s da Madeiras Eulide entendemos a import\u00e2ncia do amanh\u00e3, estamos olhando nessa dire\u00e7\u00e3o h\u00e1 mais de 30 anos e duas gera\u00e7\u00f5es. \u00c9 por isso que trabalhamos com cuidado e dilig\u00eancia hoje para garantir um amanh\u00e3 bem sustentado. Acreditamos na reutiliza\u00e7\u00e3o total dos res\u00edduos para gera\u00e7\u00e3o de energia t\u00e9rmica que alimenta o processo [&hellip;]<\/p>\n","protected":false},"author":1,"featured_media":0,"parent":0,"menu_order":0,"comment_status":"closed","ping_status":"closed","template":"elementor_header_footer","meta":[],"_links":{"self":[{"href":"https:\/\/www.eulide.com.br\/index.php?rest_route=\/wp\/v2\/pages\/35"}],"collection":[{"href":"https:\/\/www.eulide.com.br\/index.php?rest_route=\/wp\/v2\/pages"}],"about":[{"href":"https:\/\/www.eulide.com.br\/index.php?rest_route=\/wp\/v2\/types\/page"}],"author":[{"embeddable":true,"href":"https:\/\/www.eulide.com.br\/index.php?rest_route=\/wp\/v2\/users\/1"}],"replies":[{"embeddable":true,"href":"https:\/\/www.eulide.com.br\/index.php?rest_route=%2Fwp%2Fv2%2Fcomments&post=35"}],"version-history":[{"count":10,"href":"https:\/\/www.eulide.com.br\/index.php?rest_route=\/wp\/v2\/pages\/35\/revisions"}],"predecessor-version":[{"id":419,"href":"https:\/\/www.eulide.com.br\/index.php?rest_route=\/wp\/v2\/pages\/35\/revisions\/419"}],"wp:attachment":[{"href":"https:\/\/www.eulide.com.br\/index.php?rest_route=%2Fwp%2Fv2%2Fmedia&parent=35"}],"curies":[{"name":"wp","href":"https:\/\/api.w.org\/{rel}","templated":true}]}}